{"id":3,"date":"2023-10-17T06:06:47","date_gmt":"2023-10-17T05:06:47","guid":{"rendered":"https:\/\/marende.scri.hr\/?page_id=3"},"modified":"2024-06-30T14:33:12","modified_gmt":"2024-06-30T13:33:12","slug":"politika-privatnosti","status":"publish","type":"page","link":"https:\/\/marende.scri.hr\/index.php\/politika-privatnosti\/","title":{"rendered":"Politika privatnosti"},"content":{"rendered":"\n<p><strong>Studentski centar Rijeka<\/strong> po\u0161tuje va\u0161u privatnost te se obvezuje na za\u0161titu va\u0161ih osobnih podataka. Podaci se prikupljaju i \u010duvaju u skladu s odredbama Op\u0107e uredbe o za\u0161titi podataka.<\/p>\n\n\n\n<p><strong>Tko je voditelj obrade osobnih podataka?<\/strong><\/p>\n\n\n\n<p>Studentski centar Rijeka (Radmile Matej\u010di\u0107 5, 51000, Rijeka, Hrvatska) je voditelj obrade Va\u0161ih osobnih podataka te se obvezuje na za\u0161titu istih. Prikupljanje i \u010duvanje podataka izvodi se u skladu s odredbama Uredbe EU 2016\/679 Europskog parlamenta i Vije\u0107a od 27. travnja 2016. o za\u0161titi pojedinaca u vezi s obradom osobnih podataka i o slobodnom kretanju takvih podataka (Op\u0107a uredba o za\u0161titi podataka), Zakona o provedbi Op\u0107e uredbe o za\u0161titi podataka (NN 42\/2018) i ostalih propisa koji ure\u0111uju predmetno podru\u010dje, a imaju primjenu u Republici Hrvatskoj.<\/p>\n\n\n\n<p><strong>Slu\u017ebenik za za\u0161titu osobnih podataka<\/strong><\/p>\n\n\n\n<p>Studentski centar Rijeka je sukladno relevantnim propisima imenovao Slu\u017ebenika za za\u0161titu osobnih podataka kojeg mo\u017eete kontaktirati vezano za sva pitanja povezana s obradom Va\u0161ih osobnih podataka ili ostvarivanje svojih prava na za\u0161titu osobnih podataka. Kontakt:&nbsp;<a href=\"mailto:sluzbenik.zop@scri.uniri.hr\">sluzbenik.zop@scri.uniri.hr<\/a>&nbsp;odnosno putem po\u0161te na adresu Radmile Matej\u010di\u0107 5, 51000 Rijeka, Hrvatska.<\/p>\n\n\n\n<p><strong>Primjena na\u010dela za\u0161tite podataka<\/strong><\/p>\n\n\n\n<p>Studentski centar Rijeka u okviru primjene ove Politike posebno pazi na po\u0161tivanje na\u010dela obrade podataka te obra\u0111uje podatke:<\/p>\n\n\n\n<p>Zakonito \u2013 obrada \u0107e biti mogu\u0107a ako je ista dopu\u0161tena zakonom i to u granicama koje zakon dopu\u0161ta.<\/p>\n\n\n\n<p>Po\u0161teno \u2013 uva\u017eavaju\u0107i specifi\u010dnosti svakog odnosa, primjenjuju\u0107i sve adekvatne mjere za za\u0161titu osobnih podataka i privatnosti op\u0107enito te ne spre\u010davaju\u0107i ispitanika u ostvarivanju svojih prava.<\/p>\n\n\n\n<p>Transparentno \u2013 informiraju\u0107i ispitanike o obradama osobnih podataka.<\/p>\n\n\n\n<p>Od samog prikupljanja podataka kada su ispitanici informirani o svim aspektima obrade podataka pa sve do prestanka obrade podataka ispitanicima se pru\u017ea jednostavan i brz pristup vlastitim podacima \u0161to uklju\u010duje mogu\u0107nost uvida i dobivanja kopije u skladu s odredbama Uredbe. Odre\u0111ene informacije mogu se ograni\u010diti samo kada je to zahtijevano zakonom ili kada je to nu\u017eno za za\u0161titu tre\u0107ih osoba.<\/p>\n\n\n\n<p>Uz ograni\u010denje svrhe \u2013 obra\u0111uju\u0107i osobne podatke u one svrhe u koji su prikupljeni a u druge svrhe ako su za to ispunjeni uvjeti iz Uredbe. Podaci se mogu obra\u0111ivati u podudarne svrhe samo uzimaju\u0107i u obzir (a) svaku vezu izme\u0111u svrha prikupljanja osobnih podataka i svrha namjeravanog nastavka obrade; (b) kontekst u kojem su prikupljeni osobni podaci, posebno u pogledu odnosa izme\u0111u ispitanika i Studentskog centra Rijeka; (c) prirodu osobnih podataka, osobito \u010dinjenicu obra\u0111uju li se posebne kategorije osobnih podataka u skladu s \u010dlankom 9. Uredbe ili osobni podaci koji se odnose na kaznene osude i ka\u017enjiva djela u skladu s \u010dlankom 10. Uredbe; (d) mogu\u0107e posljedice namjeravanog nastavka obrade za ispitanike; te (e) postojanje odgovaraju\u0107ih za\u0161titnih mjera.<\/p>\n\n\n\n<p>Uz ograni\u010denje pohrane \u2013 pohranjuju\u0107i podatke u obliku koji omogu\u0107uje identifikaciju ispitanika samo onoliko dugo koliko je potrebno u svrhe radi kojih se osobni podaci obra\u0111uju, a du\u017ee samo ako je dopu\u0161teno Uredbom.<\/p>\n\n\n\n<p>Uz smanjenje koli\u010dine podataka \u2013 obra\u0111uju\u0107i podatke ako su primjereni, relevantni i ograni\u010deni na ono \u0161to je nu\u017eno. Posebno se pazi da se ne prikupljaju podaci za koje ne postoji opravdana potreba za obradom.<\/p>\n\n\n\n<p>Vode\u0107i ra\u010duna o to\u010dnosti \u2013 vode\u0107i ra\u010duna o to\u010dnosti i a\u017eurnosti podataka i bri\u0161u\u0107i neto\u010dne podatke u okviru mogu\u0107nosti.<\/p>\n\n\n\n<p>Vode\u0107i ra\u010duna o cjelovitosti i povjerljivosti \u2013 pru\u017eaju\u0107i tehni\u010dkim i organizacijskim mjerama odgovaraju\u0107u sigurnost osobnih podataka, uklju\u010duju\u0107i za\u0161titu od neovla\u0161tene ili nezakonite obrade te od slu\u010dajnog gubitka, uni\u0161tenja ili o\u0161te\u0107enja primjenom odgovaraju\u0107ih tehni\u010dkih ili organizacijskih mjera. Relevantne mjere primjenjuju se vode\u0107i ra\u010duna o rizi\u010dnosti svake vrste obrade podataka.<\/p>\n\n\n\n<p><strong>Dostava podataka tre\u0107im subjektima<\/strong><\/p>\n\n\n\n<p>Uvid u osobne podatke gostiju, po potrebi i u ograni\u010denoj mjeri tako\u0111er mogu imati i tre\u0107e strane, izvr\u0161itelji obrade (primjerice suradnici Studentskog centra Rijeka koji pru\u017eaju informati\u010dke\/programske usluge), koji ih \u010duvaju u svojim bazama do zavr\u0161etka obrade. S takvim subjektima se sklapa detaljan ugovor u pogledu njihovih ovlasti i obveza kod obrade osobnih podataka, a sukladno zahtjevima Uredbe.<\/p>\n\n\n\n<p>U odre\u0111enim situacijama mogu\u0107e je da su vanjski subjekti zajedno sa Studentskim centrom Rijeka, zajedni\u010dki voditelji obrade. U tim odnosima, zajedni\u010dki voditelji obrade na transparentan na\u010din odre\u0111uju svoje odgovornosti za po\u0161tovanje obveza iz Uredbe, osobito s obzirom na ostvarivanje prava ispitanika i svojih du\u017enosti po\u0161tivanja transparentnosti obrade, osim ako su odgovornosti zakonom utvr\u0111ene.<\/p>\n\n\n\n<p><strong>Podaci koje prikupljamo<\/strong><\/p>\n\n\n\n<p>Prikupljamo samo one podatke koji su nam potrebni za ispunjenje svrhe prikupljanja. Podatke koje skupljamo od Vas:<\/p>\n\n\n\n<ul class=\"wp-block-list\">\n<li>\u200bime i prezime<\/li>\n\n\n\n<li>e-mail adresa<\/li>\n\n\n\n<li>kontakt broj<\/li>\n\n\n\n<li>upit<\/li>\n<\/ul>\n\n\n\n<p><strong>Prikupljeni podaci slu\u017ee za:<\/strong><\/p>\n\n\n\n<ul class=\"wp-block-list\">\n<li>\u0161to u\u010dinkovitije odgovaranje na Va\u0161 upit<\/li>\n\n\n\n<li>promociju na\u0161ih usluga (newsletter)<\/li>\n\n\n\n<li>mogu\u0107nosti slanja publikacija, bro\u0161ura i drugih promid\u017ebenih materijala<\/li>\n\n\n\n<li>u svako se doba mo\u017eete odjaviti s na\u0161e mailing liste izri\u010ditom izjavom, nakon \u010dega Studentski<\/li>\n<\/ul>\n\n\n\n<p>centar Rijeka ne\u0107e koristiti Va\u0161e podatke u svrhu promocije.<\/p>\n\n\n\n<p><strong>Pravna osnova prikupljanja<\/strong><\/p>\n\n\n\n<p>Pravna osnova za navedene svrhe prikupljanja su:<\/p>\n\n\n\n<ul class=\"wp-block-list\">\n<li>privola ili izri\u010dita privola ispitanika,<\/li>\n\n\n\n<li>klju\u010dni interesi ispitanika.<\/li>\n<\/ul>\n\n\n\n<p><strong>Mjesta prikupljanja podataka<\/strong><\/p>\n\n\n\n<p>Studentski centar Rijeka prikuplja va\u0161e podatke tijekom:<\/p>\n\n\n\n<ul class=\"wp-block-list\">\n<li>slanja upita ispunjavanjem obrasca na web stranici ili na email te pozivom na telefon<\/li>\n\n\n\n<li>prijave na newsletter na internetskoj stranici<\/li>\n\n\n\n<li>naru\u010divanje marendi<\/li>\n<\/ul>\n\n\n\n<p><strong>Vrijeme trajanja politike privatnosti<\/strong><\/p>\n\n\n\n<p>Podatke koje Studentski centar Rijeka prikuplja na temelju zakona, du\u017ean je \u010duvati onoliko vremena koliko odre\u0111uje pojedini zakon ili drugi pozitivni propis.<\/p>\n\n\n\n<p><strong>Prava ispitanika<\/strong><\/p>\n\n\n\n<p>Ispitaniku \u0107e, na njegov zahtjev, Studentski centar Rijeka dati sljede\u0107e informacije: identitet i kontaktne podatke voditelja obrade, kontaktne podatke slu\u017ebenika za za\u0161titu podataka, svrhe obrade radi kojih se upotrebljavaju osobni podaci kao i pravnu osnovu za obradu, legitimne interese, primatelje ili kategorije primatelja osobnih podataka, namjeru prijenosa osobnih podataka tre\u0107im zemljama (ako postoji), razdoblje pohrane podataka prava vezana uz privole, te postojanje ni\u017ee navedenih prava. Studentski centar Rijeka osobne podatke obra\u0111uje sukladno Uredbi, po\u0161tuju\u0107i prava ispitanika koja su navedena u nastavku:<\/p>\n\n\n\n<ol class=\"wp-block-list\">\n<li>Pravo na brisanje (\u201epravo na zaborav\u201c) &#8211; ispitanik ima pravo tra\u017eiti brisanje osobnih podataka koji se na njega odnose, a Studentski centar Rijeka je obvezan obrisati osobne podatke bez nepotrebnog odga\u0111anja ako je ispunjen jedan od sljede\u0107ih uvjeta:<\/li>\n<\/ol>\n\n\n\n<ul class=\"wp-block-list\">\n<li>osobni podaci vi\u0161e nisu nu\u017eni u odnosu na svrhe za koje su prikupljeni ili na drugi na\u010din obra\u0111eni<\/li>\n\n\n\n<li>ispitanik je povukao privolu na kojoj se obrada temelji, a ne postoji druga pravna osnova za obradu<\/li>\n\n\n\n<li>ispitanik je ulo\u017eio prigovor na obradu, a legitimni razlozi za ostvarenje prava na brisanje imaju ve\u0107u te\u017einu od legitimnog interesa Studentski centar Rijeka za obradu i\/ili \u010duvanje osobnih podataka<\/li>\n\n\n\n<li>osobni podaci su nezakonito obra\u0111eni<\/li>\n\n\n\n<li>osobni podaci moraju se brisati radi po\u0161tovanja pravne obveze<\/li>\n<\/ul>\n\n\n\n<ol class=\"wp-block-list\" start=\"2\">\n<li>Pravo na pristup podacima &#8211; ispitanik ima pravo dobiti potvrdu obra\u0111uju li se njegovi osobni podaci te ako se takvi osobni podaci obra\u0111uju, ima pravo znati sve o pristupu osobnim podacima i svrsi obrade, kategorijama podataka, potencijalnim primateljima kojima \u0107e osobni podaci biti otkriveni i sl.<\/li>\n<\/ol>\n\n\n\n<ol class=\"wp-block-list\" start=\"3\">\n<li>Pravo na ispravak &#8211; ispitanik ima pravo, bez nepotrebnog odga\u0111anja, ishoditi od ispravak neto\u010dnih osobnih podataka koji se na njega odnose. Uzimaju\u0107i u obzir svrhe obrade, ispitanik ima pravo dopuniti nepotpune osobne podatke, me\u0111u ostalim i davanjem dodatne izjave. Dodatno, ispitanici imaju obvezu a\u017euriranja osobnih podataka u poslovnom odnosu s Studentskim centrom Rijeka.<\/li>\n<\/ol>\n\n\n\n<ol class=\"wp-block-list\" start=\"4\">\n<li>Pravo na prijenos podataka &#8211; ispitanik ima pravo zaprimiti osobne podatke koji se odnose na njega, a koje je pru\u017eio Studentski centar Rijeka u strukturiranom, uobi\u010dajeno upotrebljavanom i strojno \u010ditljivom formatu te ima pravo prenijeti te podatke drugom voditelju obrade. Potrebno je uzeti u obzir da se pravo prijenosa odnosi isklju\u010divo na osobne podatke ispitanika.<\/li>\n<\/ol>\n\n\n\n<ol class=\"wp-block-list\" start=\"5\">\n<li>Pravo na prigovor &#8211; ispitanik ima pravo na temelju svoje posebne situacije u svakom trenutku ulo\u017eiti prigovor na obradu svojih osobnih podataka. Studentski centar Rijeka u takvoj situaciji vi\u0161e ne smije obra\u0111ivati osobne podatke osim ako doka\u017ee da postoje uvjerljivi legitimni razlozi za obradu koji nadilaze interese, prava i slobode ispitanika ili radi postavljanja, ostvarivanja ili obrane pravnih zahtjeva.<\/li>\n<\/ol>\n\n\n\n<ol class=\"wp-block-list\" start=\"6\">\n<li>Pravo na ograni\u010denje obrade \u2013 ispitanik ima pravo tra\u017eiti ograni\u010denje obrade u slu\u010daju da osporava to\u010dnost osobnih podataka, u slu\u010daju kada smatra da je obrada nezakonita te se protivi brisanju osobnih podataka i umjesto toga tra\u017ei ograni\u010denje njihove uporabe, u slu\u010daju kada je ispitanik ulo\u017eio prigovor na obradu. Ispitanik ima pravo u svakom trenutku zahtijevati ostvarenje nekog od navedenih prava. Ispitaniku se na zahtjev pru\u017eaju informacije o poduzetim radnjama vezanim uz navedena prava, najkasnije u roku od tri mjeseca od zaprimanja zahtjeva (ovisno o koli\u010dini i slo\u017eenosti zahtjeva).<\/li>\n<\/ol>\n\n\n\n<p>Na sve \u0107e se zahtjeve nastojati odgovoriti unutar jednog mjeseca, ako je to nu\u017eno, taj \u0107e se rok produljiti za najvi\u0161e dva dodatna mjeseca. Ako Studentski centar Rijeka ne postupi po zahtjevu ispitanika u roku od mjesec dana od primitka zahtjeva, izvijestit \u0107e ispitanika o razlozima nepostupanja. Razlozi za nepostupanje podrazumijevaju postojanje zakonitosti obrade koja Studentski centar Rijeka onemogu\u0107ava u postupanju. Dodatno, ispitanik ima pravo da se odluka koja se temelji isklju\u010divo na automatiziranoj obradi koja na njega u znatnoj mjeri utje\u010de, na njega ne odnosi, uklju\u010duju\u0107i izradu profila, osim ako je ta odluka:<\/p>\n\n\n\n<ul class=\"wp-block-list\">\n<li>potrebna za sklapanje ili izvr\u0161enje ugovora izme\u0111u ispitanika i Studentskog centra Rijeka,<\/li>\n\n\n\n<li>dopu\u0161tena zakonom,<\/li>\n\n\n\n<li>temelji na izri\u010ditoj privoli ispitanika.<\/li>\n<\/ul>\n\n\n\n<p><strong>Marketin\u0161ke aktivnosti (Opcionalno uz privolu)<\/strong><\/p>\n\n\n\n<p>Poruka elektroni\u010dkom po\u0161tom<\/p>\n\n\n\n<p>Kada nam \u0161aljete elektroni\u010dku po\u0161tu (e-po\u0161tu) s osobnim podacima po kojima Vas je mogu\u0107e identificirati, bilo putem e-po\u0161te s pitanjem ili komentarom, ili obrascem koji nam dostavljate elektroni\u010dkom po\u0161tom, Studentski centar Rijeka te podatke koristi u svrhu ispunjenja va\u0161ih zahtjeva.<\/p>\n\n\n\n<p><strong>Sigurnost podataka<\/strong><\/p>\n\n\n\n<p>Radi sigurnosti podataka na ovoj adresi te kako bismo osigurali da ova usluga bude pristupa\u010dna svim korisnicima, ovaj ra\u010dunalni sustav koristi softver koji prati posjete na mre\u017ei te prepoznaje neovla\u0161tene poku\u0161aje otpreme ili izmjene podataka, kao i one koji bi mogli prouzro\u010diti \u0161tetu na neki drugi na\u010din. Neovla\u0161teni poku\u0161aji otpreme ili izmjene podataka na ovoj lokaciji strogo su zabranjeni.<\/p>\n\n\n\n<p><strong>Koje su vam opcije dostupne?<\/strong><\/p>\n\n\n\n<p>Za vi\u0161e informacija o kola\u010di\u0107ima i o njihovu upravljanju ili brisanju posjetite allaboutcookies.org i stranicu za pomo\u0107 u svom pretra\u017eiva\u010du. U postavkama pretra\u017eiva\u010da kao \u0161to su Internet Explorer, Safari, Firefox ili Chrome, mo\u017eete odrediti koje kola\u010di\u0107e \u0107ete prihvatiti, a koje \u0107ete odbiti. Mjesto na kojemu mo\u017eete prona\u0107i postavke ovisi o vrsti va\u0161eg pretra\u017eiva\u010da. Putem opcije &#8220;Pomo\u0107&#8221; u svom pretra\u017eiva\u010du prona\u0111ite postavke koje trebate.<\/p>\n\n\n\n<p>Ukoliko odaberete opciju da ne \u017eelite prihvatiti odre\u0111ene tehni\u010dke i\/ili funkcionalne kola\u010di\u0107e, mo\u017eda ne\u0107ete mo\u0107i koristiti odre\u0111ene funkcije na na\u0161oj internetskoj stranici. Trenuta\u010dno ne podr\u017eavamo &#8220;Do Not Track&#8221; postavke pretra\u017eiva\u010da. U slu\u010daju kreiranja zajedni\u010dkog standarda koji definira na \u0161to se to\u010dno odnose postavke pretra\u017eiva\u010da \u201cDo Not Track\u201d, razmotrit \u0107emo izmjenu ovog Pravila o kola\u010di\u0107ima.<\/p>\n\n\n\n<p><strong>Analitika<\/strong><\/p>\n\n\n\n<p>U svrhu kontroliranja prikupljanja podataka za analiti\u010dke svrhe koje vr\u0161i Google Analytics za neke vrste pretra\u017eiva\u010da, mo\u017eete posjetiti sljede\u0107i link: Google Analytics Opt-out Browser Add-on (samo za desktop). Za kontroliranje prikupljanja podataka koje provodi Yandex.Metrica (alat za pra\u0107enje ruskog pretra\u017eiva\u010da YANDEX), korisnici \u010diji je odabrani jezik ruski, ukrajinski ili turski mogu posjetiti sljede\u0107i link: yandex.com. Yandex. Metrica ne upotrebljava se za korisnike drugih jezika. Tako\u0111er imate opciju deaktivacije personaliziranog ogla\u0161avanja Yandexa. Kako biste to u\u010dinili, molimo posjetite ovu stranicu i odzna\u010dite ku\u0107icu &#8216;Uzmi u obzir moje interese&#8217;.<\/p>\n\n\n\n<p>Ova Pravila o kola\u010di\u0107ima podlo\u017ena su povremenim izmjenama. Stoga redovito posje\u0107ujte ovu stranicu kako biste bili upu\u0107eni u eventualne izmjene.<\/p>\n\n\n\n<p><strong>Promjena podataka<\/strong><\/p>\n\n\n\n<p>U svakom nam se trenutku mo\u017eete obratiti radi pregleda svojih osobnih podataka, kao i radi a\u017euriranja, ispravka ili brisanja podataka. Do tog se trenutka u navedene svrhe koristimo Va\u0161im starim podacima.<\/p>\n\n\n\n<p><strong>Va\u0161a suglasnost<\/strong><\/p>\n\n\n\n<p>Popunjavaju\u0107i formulare na ovoj stranici jam\u010dite da su informacije koje ste prilo\u017eili to\u010dne, da ste poslovno sposobni i ovla\u0161teni raspolagati danim informacijama te da ste u cijelosti suglasni da Studentski centar Rijeka Va\u0161e podatke upotrebljava i prikuplja u skladu sa zakonom i uvjetima vlastite politike privatnosti.<\/p>\n\n\n\n<p><strong>Transparentnost<\/strong><\/p>\n\n\n\n<p>Eventualne korekcije politike privatnosti, bit \u0107e postavljene na ovu stranicu te \u0107e biti dostupne svima na uvid.<\/p>\n","protected":false},"excerpt":{"rendered":"<p>Studentski centar Rijeka po\u0161tuje va\u0161u privatnost te se obvezuje na za\u0161titu va\u0161ih osobnih podataka. Podaci se prikupljaju i \u010duvaju u skladu s odredbama Op\u0107e uredbe o za\u0161titi podataka. Tko je<\/p>\n","protected":false},"author":8,"featured_media":0,"parent":0,"menu_order":0,"comment_status":"closed","ping_status":"closed","template":"","meta":{"footnotes":""},"class_list":["post-3","page","type-page","status-publish","hentry"],"yoast_head":"<!-- This site is optimized with the Yoast SEO plugin v27.2 - https:\/\/yoast.com\/product\/yoast-seo-wordpress\/ -->\n<title>Politika privatnosti - Marende Scri<\/title>\n<meta name=\"description\" content=\"Marende scri\" \/>\n<meta name=\"robots\" content=\"index, follow, max-snippet:-1, max-image-preview:large, max-video-preview:-1\" \/>\n<link rel=\"canonical\" href=\"https:\/\/marende.scri.hr\/index.php\/politika-privatnosti\/\" \/>\n<meta property=\"og:locale\" content=\"hr_HR\" \/>\n<meta property=\"og:type\" content=\"article\" \/>\n<meta property=\"og:title\" content=\"Politika privatnosti - Marende Scri\" \/>\n<meta property=\"og:description\" content=\"Marende scri\" \/>\n<meta property=\"og:url\" content=\"https:\/\/marende.scri.hr\/index.php\/politika-privatnosti\/\" \/>\n<meta property=\"og:site_name\" content=\"Marende Scri\" \/>\n<meta property=\"article:publisher\" content=\"https:\/\/www.facebook.com\/sc.rijeka\" \/>\n<meta property=\"article:modified_time\" content=\"2024-06-30T13:33:12+00:00\" \/>\n<meta name=\"twitter:card\" content=\"summary_large_image\" \/>\n<meta name=\"twitter:label1\" content=\"Procijenjeno vrijeme \u010ditanja\" \/>\n\t<meta name=\"twitter:data1\" content=\"11 minuta\" \/>\n<script type=\"application\/ld+json\" class=\"yoast-schema-graph\">{\"@context\":\"https:\/\/schema.org\",\"@graph\":[{\"@type\":\"WebPage\",\"@id\":\"https:\/\/marende.scri.hr\/index.php\/politika-privatnosti\/\",\"url\":\"https:\/\/marende.scri.hr\/index.php\/politika-privatnosti\/\",\"name\":\"Politika privatnosti - Marende Scri\",\"isPartOf\":{\"@id\":\"https:\/\/marende.scri.hr\/#website\"},\"datePublished\":\"2023-10-17T05:06:47+00:00\",\"dateModified\":\"2024-06-30T13:33:12+00:00\",\"description\":\"Marende scri\",\"breadcrumb\":{\"@id\":\"https:\/\/marende.scri.hr\/index.php\/politika-privatnosti\/#breadcrumb\"},\"inLanguage\":\"hr\",\"potentialAction\":[{\"@type\":\"ReadAction\",\"target\":[\"https:\/\/marende.scri.hr\/index.php\/politika-privatnosti\/\"]}]},{\"@type\":\"BreadcrumbList\",\"@id\":\"https:\/\/marende.scri.hr\/index.php\/politika-privatnosti\/#breadcrumb\",\"itemListElement\":[{\"@type\":\"ListItem\",\"position\":1,\"name\":\"Po\u010detna stranica\",\"item\":\"https:\/\/marende.scri.hr\/\"},{\"@type\":\"ListItem\",\"position\":2,\"name\":\"Politika privatnosti\"}]},{\"@type\":\"WebSite\",\"@id\":\"https:\/\/marende.scri.hr\/#website\",\"url\":\"https:\/\/marende.scri.hr\/\",\"name\":\"Marende Scri\",\"description\":\"Marende Scri\",\"publisher\":{\"@id\":\"https:\/\/marende.scri.hr\/#organization\"},\"alternateName\":\"Marende scri\",\"potentialAction\":[{\"@type\":\"SearchAction\",\"target\":{\"@type\":\"EntryPoint\",\"urlTemplate\":\"https:\/\/marende.scri.hr\/?s={search_term_string}\"},\"query-input\":{\"@type\":\"PropertyValueSpecification\",\"valueRequired\":true,\"valueName\":\"search_term_string\"}}],\"inLanguage\":\"hr\"},{\"@type\":\"Organization\",\"@id\":\"https:\/\/marende.scri.hr\/#organization\",\"name\":\"Studentski centar RIjeka\",\"url\":\"https:\/\/marende.scri.hr\/\",\"logo\":{\"@type\":\"ImageObject\",\"inLanguage\":\"hr\",\"@id\":\"https:\/\/marende.scri.hr\/#\/schema\/logo\/image\/\",\"url\":\"https:\/\/marende.scri.hr\/wp-content\/uploads\/2023\/10\/148-Converted-01.png\",\"contentUrl\":\"https:\/\/marende.scri.hr\/wp-content\/uploads\/2023\/10\/148-Converted-01.png\",\"width\":9238,\"height\":3935,\"caption\":\"Studentski centar RIjeka\"},\"image\":{\"@id\":\"https:\/\/marende.scri.hr\/#\/schema\/logo\/image\/\"},\"sameAs\":[\"https:\/\/www.facebook.com\/sc.rijeka\",\"https:\/\/www.instagram.com\/studentski.centar.rijeka\/?img_index=1\"]}]}<\/script>\n<!-- \/ Yoast SEO plugin. -->","yoast_head_json":{"title":"Politika privatnosti - Marende Scri","description":"Marende scri","robots":{"index":"index","follow":"follow","max-snippet":"max-snippet:-1","max-image-preview":"max-image-preview:large","max-video-preview":"max-video-preview:-1"},"canonical":"https:\/\/marende.scri.hr\/index.php\/politika-privatnosti\/","og_locale":"hr_HR","og_type":"article","og_title":"Politika privatnosti - Marende Scri","og_description":"Marende scri","og_url":"https:\/\/marende.scri.hr\/index.php\/politika-privatnosti\/","og_site_name":"Marende Scri","article_publisher":"https:\/\/www.facebook.com\/sc.rijeka","article_modified_time":"2024-06-30T13:33:12+00:00","twitter_card":"summary_large_image","twitter_misc":{"Procijenjeno vrijeme \u010ditanja":"11 minuta"},"schema":{"@context":"https:\/\/schema.org","@graph":[{"@type":"WebPage","@id":"https:\/\/marende.scri.hr\/index.php\/politika-privatnosti\/","url":"https:\/\/marende.scri.hr\/index.php\/politika-privatnosti\/","name":"Politika privatnosti - Marende Scri","isPartOf":{"@id":"https:\/\/marende.scri.hr\/#website"},"datePublished":"2023-10-17T05:06:47+00:00","dateModified":"2024-06-30T13:33:12+00:00","description":"Marende scri","breadcrumb":{"@id":"https:\/\/marende.scri.hr\/index.php\/politika-privatnosti\/#breadcrumb"},"inLanguage":"hr","potentialAction":[{"@type":"ReadAction","target":["https:\/\/marende.scri.hr\/index.php\/politika-privatnosti\/"]}]},{"@type":"BreadcrumbList","@id":"https:\/\/marende.scri.hr\/index.php\/politika-privatnosti\/#breadcrumb","itemListElement":[{"@type":"ListItem","position":1,"name":"Po\u010detna stranica","item":"https:\/\/marende.scri.hr\/"},{"@type":"ListItem","position":2,"name":"Politika privatnosti"}]},{"@type":"WebSite","@id":"https:\/\/marende.scri.hr\/#website","url":"https:\/\/marende.scri.hr\/","name":"Marende Scri","description":"Marende Scri","publisher":{"@id":"https:\/\/marende.scri.hr\/#organization"},"alternateName":"Marende scri","potentialAction":[{"@type":"SearchAction","target":{"@type":"EntryPoint","urlTemplate":"https:\/\/marende.scri.hr\/?s={search_term_string}"},"query-input":{"@type":"PropertyValueSpecification","valueRequired":true,"valueName":"search_term_string"}}],"inLanguage":"hr"},{"@type":"Organization","@id":"https:\/\/marende.scri.hr\/#organization","name":"Studentski centar RIjeka","url":"https:\/\/marende.scri.hr\/","logo":{"@type":"ImageObject","inLanguage":"hr","@id":"https:\/\/marende.scri.hr\/#\/schema\/logo\/image\/","url":"https:\/\/marende.scri.hr\/wp-content\/uploads\/2023\/10\/148-Converted-01.png","contentUrl":"https:\/\/marende.scri.hr\/wp-content\/uploads\/2023\/10\/148-Converted-01.png","width":9238,"height":3935,"caption":"Studentski centar RIjeka"},"image":{"@id":"https:\/\/marende.scri.hr\/#\/schema\/logo\/image\/"},"sameAs":["https:\/\/www.facebook.com\/sc.rijeka","https:\/\/www.instagram.com\/studentski.centar.rijeka\/?img_index=1"]}]}},"_links":{"self":[{"href":"https:\/\/marende.scri.hr\/index.php\/wp-json\/wp\/v2\/pages\/3","targetHints":{"allow":["GET"]}}],"collection":[{"href":"https:\/\/marende.scri.hr\/index.php\/wp-json\/wp\/v2\/pages"}],"about":[{"href":"https:\/\/marende.scri.hr\/index.php\/wp-json\/wp\/v2\/types\/page"}],"author":[{"embeddable":true,"href":"https:\/\/marende.scri.hr\/index.php\/wp-json\/wp\/v2\/users\/8"}],"replies":[{"embeddable":true,"href":"https:\/\/marende.scri.hr\/index.php\/wp-json\/wp\/v2\/comments?post=3"}],"version-history":[{"count":1,"href":"https:\/\/marende.scri.hr\/index.php\/wp-json\/wp\/v2\/pages\/3\/revisions"}],"predecessor-version":[{"id":1394,"href":"https:\/\/marende.scri.hr\/index.php\/wp-json\/wp\/v2\/pages\/3\/revisions\/1394"}],"wp:attachment":[{"href":"https:\/\/marende.scri.hr\/index.php\/wp-json\/wp\/v2\/media?parent=3"}],"curies":[{"name":"wp","href":"https:\/\/api.w.org\/{rel}","templated":true}]}}