{"id":1284,"date":"2023-10-20T07:19:16","date_gmt":"2023-10-20T06:19:16","guid":{"rendered":"https:\/\/marende.scri.hr\/index.php\/orders-3\/"},"modified":"2024-06-30T21:02:35","modified_gmt":"2024-06-30T20:02:35","slug":"narudzba","status":"publish","type":"page","link":"https:\/\/marende.scri.hr\/index.php\/narudzba\/","title":{"rendered":"Ko\u0161arica"},"content":{"rendered":"\t\t<div data-elementor-type=\"wp-page\" data-elementor-id=\"1284\" class=\"elementor elementor-1284\">\n\t\t\t\t<div class=\"elementor-element elementor-element-573cdb0c e-flex e-con-boxed e-con e-parent\" data-id=\"573cdb0c\" data-element_type=\"container\" data-e-type=\"container\">\n\t\t\t\t\t<div class=\"e-con-inner\">\n\t\t\t\t<div class=\"elementor-element elementor-element-7ddb3c3b elementor-widget elementor-widget-shortcode\" data-id=\"7ddb3c3b\" data-element_type=\"widget\" data-e-type=\"widget\" data-widget_type=\"shortcode.default\">\n\t\t\t\t<div class=\"elementor-widget-container\">\n\t\t\t\t\t\t\t<div class=\"elementor-shortcode\"><div id=\"wppizza-order-wrap-orderpage\" class=\"wppizza-order-wrap\"><input id='wppizza-cart-json' type='hidden' value='{\"currency\":{\"iso\":\"EUR\",\"symbol\":\"\\u20ac\",\"decimals\":2},\"ordervars\":{},\"status\":{\"can_checkout\":false,\"shop_open\":false,\"is_pickup\":true},\"summary\":{}}' \/><fieldset class=\"wppizza-fieldset wppizza-shop-closed\"><p class=\"wppizza-closed\">\u017dao nam je, danas ste zakasnili s narud\u017ebom, poku\u0161ajte ponovno sutra<\/p><\/fieldset><\/div><\/div>\n\t\t\t\t\t\t<\/div>\n\t\t\t\t<\/div>\n\t\t\t\t\t<\/div>\n\t\t\t\t<\/div>\n\t\t<div class=\"elementor-element elementor-element-56dec7b e-flex e-con-boxed e-con e-parent\" data-id=\"56dec7b\" data-element_type=\"container\" data-e-type=\"container\">\n\t\t\t\t\t<div class=\"e-con-inner\">\n\t\t\t\t\t<\/div>\n\t\t\t\t<\/div>\n\t\t<div class=\"elementor-element elementor-element-14711fd e-flex e-con-boxed e-con e-parent\" data-id=\"14711fd\" data-element_type=\"container\" data-e-type=\"container\">\n\t\t\t\t\t<div class=\"e-con-inner\">\n\t\t\t\t<div class=\"elementor-element elementor-element-7f597b1 elementor-widget elementor-widget-shortcode\" data-id=\"7f597b1\" data-element_type=\"widget\" data-e-type=\"widget\" data-widget_type=\"shortcode.default\">\n\t\t\t\t<div class=\"elementor-widget-container\">\n\t\t\t\t\t\t\t<div class=\"elementor-shortcode\"><\/div>\n\t\t\t\t\t\t<\/div>\n\t\t\t\t<\/div>\n\t\t\t\t\t<\/div>\n\t\t\t\t<\/div>\n\t\t\t\t<\/div>\n\t\t","protected":false},"excerpt":{"rendered":"","protected":false},"author":8,"featured_media":0,"parent":0,"menu_order":0,"comment_status":"closed","ping_status":"closed","template":"","meta":{"footnotes":""},"class_list":["post-1284","page","type-page","status-publish","hentry"],"yoast_head":"<!-- This site is optimized with the Yoast SEO plugin v27.2 - https:\/\/yoast.com\/product\/yoast-seo-wordpress\/ -->\n<title>Ko\u0161arica - Marende Scri<\/title>\n<meta name=\"description\" content=\"Marende scri\" \/>\n<meta name=\"robots\" content=\"index, follow, max-snippet:-1, max-image-preview:large, max-video-preview:-1\" \/>\n<link rel=\"canonical\" href=\"https:\/\/marende.scri.hr\/index.php\/narudzba\/\" \/>\n<meta property=\"og:locale\" content=\"hr_HR\" \/>\n<meta property=\"og:type\" content=\"article\" \/>\n<meta property=\"og:title\" content=\"Ko\u0161arica - Marende Scri\" \/>\n<meta property=\"og:description\" content=\"Marende scri\" \/>\n<meta property=\"og:url\" content=\"https:\/\/marende.scri.hr\/index.php\/narudzba\/\" \/>\n<meta property=\"og:site_name\" content=\"Marende Scri\" \/>\n<meta property=\"article:publisher\" content=\"https:\/\/www.facebook.com\/sc.rijeka\" \/>\n<meta property=\"article:modified_time\" content=\"2024-06-30T20:02:35+00:00\" \/>\n<meta name=\"twitter:card\" content=\"summary_large_image\" \/>\n<script type=\"application\/ld+json\" class=\"yoast-schema-graph\">{\"@context\":\"https:\/\/schema.org\",\"@graph\":[{\"@type\":\"WebPage\",\"@id\":\"https:\/\/marende.scri.hr\/index.php\/narudzba\/\",\"url\":\"https:\/\/marende.scri.hr\/index.php\/narudzba\/\",\"name\":\"Ko\u0161arica - Marende Scri\",\"isPartOf\":{\"@id\":\"https:\/\/marende.scri.hr\/#website\"},\"datePublished\":\"2023-10-20T06:19:16+00:00\",\"dateModified\":\"2024-06-30T20:02:35+00:00\",\"description\":\"Marende scri\",\"breadcrumb\":{\"@id\":\"https:\/\/marende.scri.hr\/index.php\/narudzba\/#breadcrumb\"},\"inLanguage\":\"hr\",\"potentialAction\":[{\"@type\":\"ReadAction\",\"target\":[\"https:\/\/marende.scri.hr\/index.php\/narudzba\/\"]}]},{\"@type\":\"BreadcrumbList\",\"@id\":\"https:\/\/marende.scri.hr\/index.php\/narudzba\/#breadcrumb\",\"itemListElement\":[{\"@type\":\"ListItem\",\"position\":1,\"name\":\"Po\u010detna stranica\",\"item\":\"https:\/\/marende.scri.hr\/\"},{\"@type\":\"ListItem\",\"position\":2,\"name\":\"Ko\u0161arica\"}]},{\"@type\":\"WebSite\",\"@id\":\"https:\/\/marende.scri.hr\/#website\",\"url\":\"https:\/\/marende.scri.hr\/\",\"name\":\"Marende Scri\",\"description\":\"Marende Scri\",\"publisher\":{\"@id\":\"https:\/\/marende.scri.hr\/#organization\"},\"alternateName\":\"Marende scri\",\"potentialAction\":[{\"@type\":\"SearchAction\",\"target\":{\"@type\":\"EntryPoint\",\"urlTemplate\":\"https:\/\/marende.scri.hr\/?s={search_term_string}\"},\"query-input\":{\"@type\":\"PropertyValueSpecification\",\"valueRequired\":true,\"valueName\":\"search_term_string\"}}],\"inLanguage\":\"hr\"},{\"@type\":\"Organization\",\"@id\":\"https:\/\/marende.scri.hr\/#organization\",\"name\":\"Studentski centar RIjeka\",\"url\":\"https:\/\/marende.scri.hr\/\",\"logo\":{\"@type\":\"ImageObject\",\"inLanguage\":\"hr\",\"@id\":\"https:\/\/marende.scri.hr\/#\/schema\/logo\/image\/\",\"url\":\"https:\/\/marende.scri.hr\/wp-content\/uploads\/2023\/10\/148-Converted-01.png\",\"contentUrl\":\"https:\/\/marende.scri.hr\/wp-content\/uploads\/2023\/10\/148-Converted-01.png\",\"width\":9238,\"height\":3935,\"caption\":\"Studentski centar RIjeka\"},\"image\":{\"@id\":\"https:\/\/marende.scri.hr\/#\/schema\/logo\/image\/\"},\"sameAs\":[\"https:\/\/www.facebook.com\/sc.rijeka\",\"https:\/\/www.instagram.com\/studentski.centar.rijeka\/?img_index=1\"]}]}<\/script>\n<!-- \/ Yoast SEO plugin. -->","yoast_head_json":{"title":"Ko\u0161arica - Marende Scri","description":"Marende scri","robots":{"index":"index","follow":"follow","max-snippet":"max-snippet:-1","max-image-preview":"max-image-preview:large","max-video-preview":"max-video-preview:-1"},"canonical":"https:\/\/marende.scri.hr\/index.php\/narudzba\/","og_locale":"hr_HR","og_type":"article","og_title":"Ko\u0161arica - Marende Scri","og_description":"Marende scri","og_url":"https:\/\/marende.scri.hr\/index.php\/narudzba\/","og_site_name":"Marende Scri","article_publisher":"https:\/\/www.facebook.com\/sc.rijeka","article_modified_time":"2024-06-30T20:02:35+00:00","twitter_card":"summary_large_image","schema":{"@context":"https:\/\/schema.org","@graph":[{"@type":"WebPage","@id":"https:\/\/marende.scri.hr\/index.php\/narudzba\/","url":"https:\/\/marende.scri.hr\/index.php\/narudzba\/","name":"Ko\u0161arica - Marende Scri","isPartOf":{"@id":"https:\/\/marende.scri.hr\/#website"},"datePublished":"2023-10-20T06:19:16+00:00","dateModified":"2024-06-30T20:02:35+00:00","description":"Marende scri","breadcrumb":{"@id":"https:\/\/marende.scri.hr\/index.php\/narudzba\/#breadcrumb"},"inLanguage":"hr","potentialAction":[{"@type":"ReadAction","target":["https:\/\/marende.scri.hr\/index.php\/narudzba\/"]}]},{"@type":"BreadcrumbList","@id":"https:\/\/marende.scri.hr\/index.php\/narudzba\/#breadcrumb","itemListElement":[{"@type":"ListItem","position":1,"name":"Po\u010detna stranica","item":"https:\/\/marende.scri.hr\/"},{"@type":"ListItem","position":2,"name":"Ko\u0161arica"}]},{"@type":"WebSite","@id":"https:\/\/marende.scri.hr\/#website","url":"https:\/\/marende.scri.hr\/","name":"Marende Scri","description":"Marende Scri","publisher":{"@id":"https:\/\/marende.scri.hr\/#organization"},"alternateName":"Marende scri","potentialAction":[{"@type":"SearchAction","target":{"@type":"EntryPoint","urlTemplate":"https:\/\/marende.scri.hr\/?s={search_term_string}"},"query-input":{"@type":"PropertyValueSpecification","valueRequired":true,"valueName":"search_term_string"}}],"inLanguage":"hr"},{"@type":"Organization","@id":"https:\/\/marende.scri.hr\/#organization","name":"Studentski centar RIjeka","url":"https:\/\/marende.scri.hr\/","logo":{"@type":"ImageObject","inLanguage":"hr","@id":"https:\/\/marende.scri.hr\/#\/schema\/logo\/image\/","url":"https:\/\/marende.scri.hr\/wp-content\/uploads\/2023\/10\/148-Converted-01.png","contentUrl":"https:\/\/marende.scri.hr\/wp-content\/uploads\/2023\/10\/148-Converted-01.png","width":9238,"height":3935,"caption":"Studentski centar RIjeka"},"image":{"@id":"https:\/\/marende.scri.hr\/#\/schema\/logo\/image\/"},"sameAs":["https:\/\/www.facebook.com\/sc.rijeka","https:\/\/www.instagram.com\/studentski.centar.rijeka\/?img_index=1"]}]}},"_links":{"self":[{"href":"https:\/\/marende.scri.hr\/index.php\/wp-json\/wp\/v2\/pages\/1284","targetHints":{"allow":["GET"]}}],"collection":[{"href":"https:\/\/marende.scri.hr\/index.php\/wp-json\/wp\/v2\/pages"}],"about":[{"href":"https:\/\/marende.scri.hr\/index.php\/wp-json\/wp\/v2\/types\/page"}],"author":[{"embeddable":true,"href":"https:\/\/marende.scri.hr\/index.php\/wp-json\/wp\/v2\/users\/8"}],"replies":[{"embeddable":true,"href":"https:\/\/marende.scri.hr\/index.php\/wp-json\/wp\/v2\/comments?post=1284"}],"version-history":[{"count":36,"href":"https:\/\/marende.scri.hr\/index.php\/wp-json\/wp\/v2\/pages\/1284\/revisions"}],"predecessor-version":[{"id":2064,"href":"https:\/\/marende.scri.hr\/index.php\/wp-json\/wp\/v2\/pages\/1284\/revisions\/2064"}],"wp:attachment":[{"href":"https:\/\/marende.scri.hr\/index.php\/wp-json\/wp\/v2\/media?parent=1284"}],"curies":[{"name":"wp","href":"https:\/\/api.w.org\/{rel}","templated":true}]}}